{"id":694,"date":"2023-07-19T14:32:30","date_gmt":"2023-07-19T12:32:30","guid":{"rendered":"https:\/\/cask-passion.com\/?page_id=694"},"modified":"2026-03-20T11:39:39","modified_gmt":"2026-03-20T10:39:39","slug":"impressum","status":"publish","type":"page","link":"https:\/\/cask-passion.com\/fr\/impressum\/","title":{"rendered":"Mentions l\u00e9gales"},"content":{"rendered":"\t\t<div data-elementor-type=\"wp-page\" data-elementor-id=\"694\" class=\"elementor elementor-694\">\n\t\t\t\t\t\t<section class=\"elementor-section elementor-top-section elementor-element elementor-element-ccd041b elementor-section-full_width elementor-section-height-default elementor-section-height-default\" data-id=\"ccd041b\" data-element_type=\"section\" data-e-type=\"section\">\n\t\t\t\t\t\t<div class=\"elementor-container elementor-column-gap-default\">\n\t\t\t\t\t<div class=\"elementor-column elementor-col-100 elementor-top-column elementor-element elementor-element-f8d6c3f\" data-id=\"f8d6c3f\" data-element_type=\"column\" data-e-type=\"column\">\n\t\t\t<div class=\"elementor-widget-wrap elementor-element-populated\">\n\t\t\t\t\t\t<div class=\"elementor-element elementor-element-b2f977a elementor-widget elementor-widget-heading\" data-id=\"b2f977a\" data-element_type=\"widget\" data-e-type=\"widget\" data-widget_type=\"heading.default\">\n\t\t\t\t<div class=\"elementor-widget-container\">\n\t\t\t\t\t<h2 class=\"elementor-heading-title elementor-size-default\">Impressum<\/h2>\t\t\t\t<\/div>\n\t\t\t\t<\/div>\n\t\t\t\t\t<\/div>\n\t\t<\/div>\n\t\t\t\t\t<\/div>\n\t\t<\/section>\n\t\t\t\t<section class=\"elementor-section elementor-top-section elementor-element elementor-element-c259034 elementor-section-boxed elementor-section-height-default elementor-section-height-default\" data-id=\"c259034\" data-element_type=\"section\" data-e-type=\"section\">\n\t\t\t\t\t\t<div class=\"elementor-container elementor-column-gap-default\">\n\t\t\t\t\t<div class=\"elementor-column elementor-col-50 elementor-top-column elementor-element elementor-element-44eead7\" data-id=\"44eead7\" data-element_type=\"column\" data-e-type=\"column\">\n\t\t\t<div class=\"elementor-widget-wrap elementor-element-populated\">\n\t\t\t\t\t\t<div class=\"elementor-element elementor-element-e289c4f elementor-widget elementor-widget-text-editor\" data-id=\"e289c4f\" data-element_type=\"widget\" data-e-type=\"widget\" data-widget_type=\"text-editor.default\">\n\t\t\t\t<div class=\"elementor-widget-container\">\n\t\t\t\t\t\t\t\t\t<p><strong>Anschrift<\/strong><\/p>\t\t\t\t\t\t\t\t<\/div>\n\t\t\t\t<\/div>\n\t\t\t\t\t<\/div>\n\t\t<\/div>\n\t\t\t\t<div class=\"elementor-column elementor-col-50 elementor-top-column elementor-element elementor-element-167a74e\" data-id=\"167a74e\" data-element_type=\"column\" data-e-type=\"column\">\n\t\t\t<div class=\"elementor-widget-wrap elementor-element-populated\">\n\t\t\t\t\t\t<div class=\"elementor-element elementor-element-75bca7a elementor-widget elementor-widget-text-editor\" data-id=\"75bca7a\" data-element_type=\"widget\" data-e-type=\"widget\" data-widget_type=\"text-editor.default\">\n\t\t\t\t<div class=\"elementor-widget-container\">\n\t\t\t\t\t\t\t\t\t<p>Cask Passion GbR<\/p><p>Salzertstr. 25<\/p><p>79540 L\u00f6rrach<\/p>\t\t\t\t\t\t\t\t<\/div>\n\t\t\t\t<\/div>\n\t\t\t\t\t<\/div>\n\t\t<\/div>\n\t\t\t\t\t<\/div>\n\t\t<\/section>\n\t\t\t\t<section class=\"elementor-section elementor-top-section elementor-element elementor-element-db9efa4 elementor-section-boxed elementor-section-height-default elementor-section-height-default\" data-id=\"db9efa4\" data-element_type=\"section\" data-e-type=\"section\">\n\t\t\t\t\t\t<div class=\"elementor-container elementor-column-gap-default\">\n\t\t\t\t\t<div class=\"elementor-column elementor-col-50 elementor-top-column elementor-element elementor-element-6a4e96e\" data-id=\"6a4e96e\" data-element_type=\"column\" data-e-type=\"column\">\n\t\t\t<div class=\"elementor-widget-wrap elementor-element-populated\">\n\t\t\t\t\t\t<div class=\"elementor-element elementor-element-545fbbd elementor-widget elementor-widget-text-editor\" data-id=\"545fbbd\" data-element_type=\"widget\" data-e-type=\"widget\" data-widget_type=\"text-editor.default\">\n\t\t\t\t<div class=\"elementor-widget-container\">\n\t\t\t\t\t\t\t\t\t<p><strong>Kommunikation<\/strong><\/p>\t\t\t\t\t\t\t\t<\/div>\n\t\t\t\t<\/div>\n\t\t\t\t\t<\/div>\n\t\t<\/div>\n\t\t\t\t<div class=\"elementor-column elementor-col-50 elementor-top-column elementor-element elementor-element-7a47c40\" data-id=\"7a47c40\" data-element_type=\"column\" data-e-type=\"column\">\n\t\t\t<div class=\"elementor-widget-wrap elementor-element-populated\">\n\t\t\t\t\t\t<div class=\"elementor-element elementor-element-fe54485 elementor-widget elementor-widget-text-editor\" data-id=\"fe54485\" data-element_type=\"widget\" data-e-type=\"widget\" data-widget_type=\"text-editor.default\">\n\t\t\t\t<div class=\"elementor-widget-container\">\n\t\t\t\t\t\t\t\t\t<p>info[at]cask-passion.com<\/p>\t\t\t\t\t\t\t\t<\/div>\n\t\t\t\t<\/div>\n\t\t\t\t\t<\/div>\n\t\t<\/div>\n\t\t\t\t\t<\/div>\n\t\t<\/section>\n\t\t\t\t<section class=\"elementor-section elementor-top-section elementor-element elementor-element-9f2ed31 elementor-section-boxed elementor-section-height-default elementor-section-height-default\" data-id=\"9f2ed31\" data-element_type=\"section\" data-e-type=\"section\">\n\t\t\t\t\t\t<div class=\"elementor-container elementor-column-gap-default\">\n\t\t\t\t\t<div class=\"elementor-column elementor-col-50 elementor-top-column elementor-element elementor-element-8348260\" data-id=\"8348260\" data-element_type=\"column\" data-e-type=\"column\">\n\t\t\t<div class=\"elementor-widget-wrap elementor-element-populated\">\n\t\t\t\t\t\t<div class=\"elementor-element elementor-element-9b2020d elementor-widget elementor-widget-text-editor\" data-id=\"9b2020d\" data-element_type=\"widget\" data-e-type=\"widget\" data-widget_type=\"text-editor.default\">\n\t\t\t\t<div class=\"elementor-widget-container\">\n\t\t\t\t\t\t\t\t\t<p><strong>Internetauftritt<\/strong><\/p>\t\t\t\t\t\t\t\t<\/div>\n\t\t\t\t<\/div>\n\t\t\t\t\t<\/div>\n\t\t<\/div>\n\t\t\t\t<div class=\"elementor-column elementor-col-50 elementor-top-column elementor-element elementor-element-208321e\" data-id=\"208321e\" data-element_type=\"column\" data-e-type=\"column\">\n\t\t\t<div class=\"elementor-widget-wrap elementor-element-populated\">\n\t\t\t\t\t\t<div class=\"elementor-element elementor-element-3a32418 elementor-widget elementor-widget-text-editor\" data-id=\"3a32418\" data-element_type=\"widget\" data-e-type=\"widget\" data-widget_type=\"text-editor.default\">\n\t\t\t\t<div class=\"elementor-widget-container\">\n\t\t\t\t\t\t\t\t\t<p><a href=\"https:\/\/cask-passion.com\">https:\/\/cask-passion.com<\/a><\/p>\t\t\t\t\t\t\t\t<\/div>\n\t\t\t\t<\/div>\n\t\t\t\t\t<\/div>\n\t\t<\/div>\n\t\t\t\t\t<\/div>\n\t\t<\/section>\n\t\t\t\t<section class=\"elementor-section elementor-top-section elementor-element elementor-element-65fa3d7 elementor-section-boxed elementor-section-height-default elementor-section-height-default\" data-id=\"65fa3d7\" data-element_type=\"section\" data-e-type=\"section\">\n\t\t\t\t\t\t<div class=\"elementor-container elementor-column-gap-default\">\n\t\t\t\t\t<div class=\"elementor-column elementor-col-50 elementor-top-column elementor-element elementor-element-eb5e657\" data-id=\"eb5e657\" data-element_type=\"column\" data-e-type=\"column\">\n\t\t\t<div class=\"elementor-widget-wrap elementor-element-populated\">\n\t\t\t\t\t\t<div class=\"elementor-element elementor-element-c5954f7 elementor-widget elementor-widget-text-editor\" data-id=\"c5954f7\" data-element_type=\"widget\" data-e-type=\"widget\" data-widget_type=\"text-editor.default\">\n\t\t\t\t<div class=\"elementor-widget-container\">\n\t\t\t\t\t\t\t\t\t<p><strong>Bankverbindung<\/strong><\/p>\t\t\t\t\t\t\t\t<\/div>\n\t\t\t\t<\/div>\n\t\t\t\t\t<\/div>\n\t\t<\/div>\n\t\t\t\t<div class=\"elementor-column elementor-col-50 elementor-top-column elementor-element elementor-element-8f7969f\" data-id=\"8f7969f\" data-element_type=\"column\" data-e-type=\"column\">\n\t\t\t<div class=\"elementor-widget-wrap elementor-element-populated\">\n\t\t\t\t\t\t<div class=\"elementor-element elementor-element-e439f06 elementor-widget elementor-widget-text-editor\" data-id=\"e439f06\" data-element_type=\"widget\" data-e-type=\"widget\" data-widget_type=\"text-editor.default\">\n\t\t\t\t<div class=\"elementor-widget-container\">\n\t\t\t\t\t\t\t\t\t<p>IBAN:&nbsp;<span style=\"font-family: Arial, Helvetica, sans-serif; font-size: 16px; font-style: normal; font-variant-ligatures: normal; font-variant-caps: normal; font-weight: 400; color: var( --e-global-color-text ); letter-spacing: var( --e-global-typography-text-letter-spacing ); text-transform: var( --e-global-typography-text-text-transform );\">IE95SUMU99036510913841<\/span><\/p>\n<p><span style=\"font-family: Arial, Helvetica, sans-serif; font-size: 16px; font-style: normal; font-variant-ligatures: normal; font-variant-caps: normal; font-weight: 400; color: var( --e-global-color-text ); letter-spacing: var( --e-global-typography-text-letter-spacing ); text-transform: var( --e-global-typography-text-text-transform );\">BIC:&nbsp;<\/span><span style=\"font-family: Arial, Helvetica, sans-serif; font-size: 16px; font-style: normal; font-variant-ligatures: normal; font-variant-caps: normal; font-weight: 400; color: var( --e-global-color-text ); letter-spacing: var( --e-global-typography-text-letter-spacing ); text-transform: var( --e-global-typography-text-text-transform );\">SUMUIE22XXX<\/span><\/p>\t\t\t\t\t\t\t\t<\/div>\n\t\t\t\t<\/div>\n\t\t\t\t\t<\/div>\n\t\t<\/div>\n\t\t\t\t\t<\/div>\n\t\t<\/section>\n\t\t\t\t<section class=\"elementor-section elementor-top-section elementor-element elementor-element-8030471 elementor-section-boxed elementor-section-height-default elementor-section-height-default\" data-id=\"8030471\" data-element_type=\"section\" data-e-type=\"section\">\n\t\t\t\t\t\t<div class=\"elementor-container elementor-column-gap-default\">\n\t\t\t\t\t<div class=\"elementor-column elementor-col-50 elementor-top-column elementor-element elementor-element-87456fe\" data-id=\"87456fe\" data-element_type=\"column\" data-e-type=\"column\">\n\t\t\t<div class=\"elementor-widget-wrap elementor-element-populated\">\n\t\t\t\t\t\t<div class=\"elementor-element elementor-element-e4b16af elementor-widget elementor-widget-text-editor\" data-id=\"e4b16af\" data-element_type=\"widget\" data-e-type=\"widget\" data-widget_type=\"text-editor.default\">\n\t\t\t\t<div class=\"elementor-widget-container\">\n\t\t\t\t\t\t\t\t\t<p><strong>Gr\u00fcnder<\/strong><\/p>\t\t\t\t\t\t\t\t<\/div>\n\t\t\t\t<\/div>\n\t\t\t\t\t<\/div>\n\t\t<\/div>\n\t\t\t\t<div class=\"elementor-column elementor-col-50 elementor-top-column elementor-element elementor-element-9fd6298\" data-id=\"9fd6298\" data-element_type=\"column\" data-e-type=\"column\">\n\t\t\t<div class=\"elementor-widget-wrap elementor-element-populated\">\n\t\t\t\t\t\t<div class=\"elementor-element elementor-element-f8c46d0 elementor-widget elementor-widget-text-editor\" data-id=\"f8c46d0\" data-element_type=\"widget\" data-e-type=\"widget\" data-widget_type=\"text-editor.default\">\n\t\t\t\t<div class=\"elementor-widget-container\">\n\t\t\t\t\t\t\t\t\t<p><ul><li><span style=\"font-size: 16px; color: var( --e-global-color-text ); letter-spacing: var( --e-global-typography-text-letter-spacing ); text-transform: var( --e-global-typography-text-text-transform ); text-decoration: var( --e-global-typography-text-text-decoration );\">Steve Kunzelmann<\/span><\/li><li><span style=\"font-size: 16px; color: var( --e-global-color-text ); letter-spacing: var( --e-global-typography-text-letter-spacing ); text-transform: var( --e-global-typography-text-text-transform ); text-decoration: var( --e-global-typography-text-text-decoration );\">Agnes Kunzelmann<\/span><\/li><li><span style=\"font-size: 16px; color: var( --e-global-color-text ); letter-spacing: var( --e-global-typography-text-letter-spacing ); text-transform: var( --e-global-typography-text-text-transform ); text-decoration: var( --e-global-typography-text-text-decoration );\">Norman Meier<\/span><\/li><li><span style=\"font-size: 16px; color: var( --e-global-color-text ); letter-spacing: var( --e-global-typography-text-letter-spacing ); text-transform: var( --e-global-typography-text-text-transform ); text-decoration: var( --e-global-typography-text-text-decoration );\">J\u00f6rn Meier<\/span><\/li><\/ul><\/p>\t\t\t\t\t\t\t\t<\/div>\n\t\t\t\t<\/div>\n\t\t\t\t\t<\/div>\n\t\t<\/div>\n\t\t\t\t\t<\/div>\n\t\t<\/section>\n\t\t\t\t<section class=\"elementor-section elementor-top-section elementor-element elementor-element-de1fe70 elementor-section-boxed elementor-section-height-default elementor-section-height-default\" data-id=\"de1fe70\" data-element_type=\"section\" data-e-type=\"section\">\n\t\t\t\t\t\t<div class=\"elementor-container elementor-column-gap-default\">\n\t\t\t\t\t<div class=\"elementor-column elementor-col-100 elementor-top-column elementor-element elementor-element-91b7ee2\" data-id=\"91b7ee2\" data-element_type=\"column\" data-e-type=\"column\">\n\t\t\t<div class=\"elementor-widget-wrap elementor-element-populated\">\n\t\t\t\t\t\t<div class=\"elementor-element elementor-element-b5d7154 elementor-widget elementor-widget-text-editor\" data-id=\"b5d7154\" data-element_type=\"widget\" data-e-type=\"widget\" data-widget_type=\"text-editor.default\">\n\t\t\t\t<div class=\"elementor-widget-container\">\n\t\t\t\t\t\t\t\t\t<p><span style=\"font-style: normal; font-variant-caps: normal; font-family: Verdana, Arial, Helvetica, sans-serif;\"><strong>Disclaimer<\/strong><\/span><br style=\"font-family: Verdana, Arial, Helvetica, sans-serif;\" \/><br style=\"font-family: Verdana, Arial, Helvetica, sans-serif;\" \/><span style=\"font-style: normal; font-variant-caps: normal; font-family: Verdana, Arial, Helvetica, sans-serif; font-size: x-small;\">Das Layout der Website ist urheberrechtlich gesch\u00fctzt. Die Seiten d\u00fcrfen weder zum privaten Gebrauch vervielf\u00e4ltigt, noch \u00c4nderungen vorgenommen werden und die Vervielf\u00e4ltigungsst\u00fccke weder verbreitet noch zu \u00f6ffentlichen Wiedergaben benutzt werden.<\/span><br style=\"font-family: Verdana, Arial, Helvetica, sans-serif;\" \/><br style=\"font-family: Verdana, Arial, Helvetica, sans-serif;\" \/><span style=\"font-style: normal; font-variant-caps: normal; font-family: Verdana, Arial, Helvetica, sans-serif; font-size: x-small;\">Trotz sorgf\u00e4ltiger inhaltlicher Kontrolle \u00fcbernehmen wir keine Haftung f\u00fcr die Inhalte externer Links.<\/span><br style=\"font-family: Verdana, Arial, Helvetica, sans-serif;\" \/><span style=\"font-style: normal; font-variant-caps: normal; font-family: Verdana, Arial, Helvetica, sans-serif; font-size: x-small;\">F\u00fcr den Inhalt der verlinkten Seiten sind ausschlie\u00dflich deren Betreiber verantwortlich.<\/span><\/p>\t\t\t\t\t\t\t\t<\/div>\n\t\t\t\t<\/div>\n\t\t\t\t\t<\/div>\n\t\t<\/div>\n\t\t\t\t\t<\/div>\n\t\t<\/section>\n\t\t\t\t<section class=\"elementor-section elementor-top-section elementor-element elementor-element-5f27672 elementor-section-full_width elementor-section-height-default elementor-section-height-default\" data-id=\"5f27672\" data-element_type=\"section\" data-e-type=\"section\">\n\t\t\t\t\t\t<div class=\"elementor-container elementor-column-gap-default\">\n\t\t\t\t\t<div class=\"elementor-column elementor-col-100 elementor-top-column elementor-element elementor-element-e558373\" data-id=\"e558373\" data-element_type=\"column\" data-e-type=\"column\">\n\t\t\t<div class=\"elementor-widget-wrap elementor-element-populated\">\n\t\t\t\t\t\t<div class=\"elementor-element elementor-element-1d89df7 elementor-widget elementor-widget-heading\" data-id=\"1d89df7\" data-element_type=\"widget\" data-e-type=\"widget\" data-widget_type=\"heading.default\">\n\t\t\t\t<div class=\"elementor-widget-container\">\n\t\t\t\t\t<h2 class=\"elementor-heading-title elementor-size-default\">Barrierefreiheitserkl\u00e4rung<\/h2>\t\t\t\t<\/div>\n\t\t\t\t<\/div>\n\t\t\t\t\t<\/div>\n\t\t<\/div>\n\t\t\t\t\t<\/div>\n\t\t<\/section>\n\t\t\t\t<section class=\"elementor-section elementor-top-section elementor-element elementor-element-98f2c17 elementor-section-boxed elementor-section-height-default elementor-section-height-default\" data-id=\"98f2c17\" data-element_type=\"section\" data-e-type=\"section\">\n\t\t\t\t\t\t<div class=\"elementor-container elementor-column-gap-default\">\n\t\t\t\t\t<div class=\"elementor-column elementor-col-100 elementor-top-column elementor-element elementor-element-db405ec\" data-id=\"db405ec\" data-element_type=\"column\" data-e-type=\"column\">\n\t\t\t<div class=\"elementor-widget-wrap elementor-element-populated\">\n\t\t\t\t\t\t<div class=\"elementor-element elementor-element-7ccd353 elementor-widget elementor-widget-text-editor\" data-id=\"7ccd353\" data-element_type=\"widget\" data-e-type=\"widget\" data-widget_type=\"text-editor.default\">\n\t\t\t\t<div class=\"elementor-widget-container\">\n\t\t\t\t\t\t\t\t\t<p class=\"MuiTypography-root MuiTypography-body2 eui-tf137o\">Die <strong class=\"MuiTypography-root MuiTypography-subtitle2 eui-1onzmb1\">Cask Passion GbR<\/strong> setzt sich daf\u00fcr ein, die digitale Zug\u00e4nglichkeit f\u00fcr Menschen mit Behinderungen zu gew\u00e4hrleisten. Wir verbessern st\u00e4ndig die Benutzerfreundlichkeit f\u00fcr alle und wenden die einschl\u00e4gigen Barrierefreiheits-Standards an.<\/p><h6 class=\"MuiTypography-root MuiTypography-subtitle2 eui-1onzmb1\">Status der Konformit\u00e4t<\/h6><p class=\"MuiTypography-root MuiTypography-body2 eui-tf137o\">Die Web Content Accessibility Guidelines (WCAG) definieren Anforderungen an Designer und Entwickler, um die Zug\u00e4nglichkeit f\u00fcr Menschen mit Behinderungen zu verbessern. Sie definieren drei Stufen der Konformit\u00e4t: Stufe A, Stufe AA und Stufe AAA.<\/p><p class=\"MuiTypography-root MuiTypography-body2 eui-tf137o\">Die <strong class=\"MuiTypography-root MuiTypography-subtitle2 eui-1onzmb1\">Cask Passion GbR<\/strong> bem\u00fcht sich st\u00e4ndig um die Verbesserung der Zug\u00e4nglichkeit seiner Website und seiner Dienste in der \u00dcberzeugung, dass es unsere kollektive moralische Verpflichtung ist, eine nahtlose, zug\u00e4ngliche und ungehinderte Nutzung f\u00fcr Menschen mit Behinderungen zu erm\u00f6glichen.<\/p><p class=\"MuiTypography-root MuiTypography-body2 eui-tf137o\">Wir sind bestrebt, alle Seiten und Inhalte auf <strong class=\"MuiTypography-root MuiTypography-subtitle2 eui-1onzmb1\">https:\/\/cask-passion.com<\/strong>zug\u00e4nglich zu machen, aber es kann sein, dass einige Inhalte noch nicht vollst\u00e4ndig den h\u00f6chsten Barrierefreiheit-Standards entsprechen. Dies k\u00f6nnte darauf zur\u00fcckzuf\u00fchren sein, dass es schwierig ist, die am besten geeignete technische L\u00f6sung zu finden.<\/p><p class=\"MuiTypography-root MuiTypography-body2 eui-tf137o\">Wir k\u00f6nnen diese Erkl\u00e4rung von Zeit zu Zeit \u00fcberarbeiten, um Verbesserungen oder \u00c4nderungen an unseren Barrierefreiheitspraktiken zu ber\u00fccksichtigen.<\/p><h6 class=\"MuiTypography-root MuiTypography-subtitle2 eui-1onzmb1\">Feedback<\/h6><p class=\"MuiTypography-root MuiTypography-body2 eui-tf137o\">Wir freuen uns \u00fcber dein Feedback zur Barrierefreiheit der <strong class=\"MuiTypography-root MuiTypography-subtitle2 eui-1onzmb1\">Cask Passion GbR<\/strong>-Website. Bitte teile uns mit, wenn du auf unserer Website auf Zug\u00e4nglichkeitsbarrieren st\u00f6\u00dft:<\/p><p class=\"MuiTypography-root MuiTypography-body2 eui-tf137o\">E-Mail: <strong class=\"MuiTypography-root MuiTypography-subtitle2 eui-1onzmb1\">info@cask-passion.com<\/strong><\/p><p class=\"MuiTypography-root MuiTypography-body2 eui-tf137o\">Wir versuchen, innerhalb von 3-5 Werktagen auf R\u00fcckmeldungen zu reagieren.<\/p><p class=\"MuiTypography-root MuiTypography-body2 eui-tf137o\">Diese Erkl\u00e4rung wurde am 20.3.2026 erstellt.<\/p>\t\t\t\t\t\t\t\t<\/div>\n\t\t\t\t<\/div>\n\t\t\t\t\t<\/div>\n\t\t<\/div>\n\t\t\t\t\t<\/div>\n\t\t<\/section>\n\t\t\t\t<\/div>\n\t\t","protected":false},"excerpt":{"rendered":"<p>Impressum Anschrift Cask Passion GbR Salzertstr. 25 79540 L\u00f6rrach Kommunikation info[at]cask-passion.com Internetauftritt https:\/\/cask-passion.com Bankverbindung IBAN:&nbsp;IE95SUMU99036510913841 BIC:&nbsp;SUMUIE22XXX Gr\u00fcnder Steve Kunzelmann Agnes Kunzelmann Norman Meier J\u00f6rn Meier DisclaimerDas Layout der Website ist urheberrechtlich gesch\u00fctzt. Die Seiten d\u00fcrfen weder zum privaten Gebrauch vervielf\u00e4ltigt, noch \u00c4nderungen vorgenommen werden und die Vervielf\u00e4ltigungsst\u00fccke weder verbreitet noch zu \u00f6ffentlichen Wiedergaben benutzt werden.Trotz [&hellip;]<\/p>\n","protected":false},"author":1,"featured_media":0,"parent":0,"menu_order":0,"comment_status":"closed","ping_status":"closed","template":"","meta":{"postBodyCss":"","postBodyMargin":[],"postBodyPadding":[],"postBodyBackground":{"backgroundType":"classic","gradient":""},"footnotes":""},"class_list":["post-694","page","type-page","status-publish","hentry"],"_links":{"self":[{"href":"https:\/\/cask-passion.com\/fr\/wp-json\/wp\/v2\/pages\/694","targetHints":{"allow":["GET"]}}],"collection":[{"href":"https:\/\/cask-passion.com\/fr\/wp-json\/wp\/v2\/pages"}],"about":[{"href":"https:\/\/cask-passion.com\/fr\/wp-json\/wp\/v2\/types\/page"}],"author":[{"embeddable":true,"href":"https:\/\/cask-passion.com\/fr\/wp-json\/wp\/v2\/users\/1"}],"replies":[{"embeddable":true,"href":"https:\/\/cask-passion.com\/fr\/wp-json\/wp\/v2\/comments?post=694"}],"version-history":[{"count":0,"href":"https:\/\/cask-passion.com\/fr\/wp-json\/wp\/v2\/pages\/694\/revisions"}],"wp:attachment":[{"href":"https:\/\/cask-passion.com\/fr\/wp-json\/wp\/v2\/media?parent=694"}],"curies":[{"name":"wp","href":"https:\/\/api.w.org\/{rel}","templated":true}]}}