{"id":1910,"date":"2024-04-15T21:06:17","date_gmt":"2024-04-15T19:06:17","guid":{"rendered":"https:\/\/cask-passion.com\/?page_id=1910"},"modified":"2024-05-30T16:04:33","modified_gmt":"2024-05-30T14:04:33","slug":"upload-center","status":"publish","type":"page","link":"https:\/\/cask-passion.com\/fr\/upload-center\/","title":{"rendered":"Upload Center"},"content":{"rendered":"<div data-elementor-type=\"wp-page\" data-elementor-id=\"1910\" class=\"elementor elementor-1910\">\n\t\t\t\t\t\t<section class=\"elementor-section elementor-top-section elementor-element elementor-element-bad624e elementor-section-full_width elementor-section-height-default elementor-section-height-default\" data-id=\"bad624e\" data-element_type=\"section\" data-e-type=\"section\">\n\t\t\t\t\t\t<div class=\"elementor-container elementor-column-gap-default\">\n\t\t\t\t\t<div class=\"elementor-column elementor-col-100 elementor-top-column elementor-element elementor-element-2033e4e2\" data-id=\"2033e4e2\" data-element_type=\"column\" data-e-type=\"column\">\n\t\t\t<div class=\"elementor-widget-wrap elementor-element-populated\">\n\t\t\t\t\t\t<div class=\"elementor-element elementor-element-f813197 elementor-widget elementor-widget-image\" data-id=\"f813197\" data-element_type=\"widget\" data-e-type=\"widget\" data-widget_type=\"image.default\">\n\t\t\t\t<div class=\"elementor-widget-container\">\n\t\t\t\t\t\t\t\t\t\t\t\t\t\t\t<img fetchpriority=\"high\" decoding=\"async\" width=\"300\" height=\"212\" src=\"data:image\/gif;base64,R0lGODlhAQABAIAAAAAAAP\/\/\/yH5BAEAAAAALAAAAAABAAEAAAIBRAA7\" data-src=\"https:\/\/cask-passion.com\/wp-content\/uploads\/2024\/03\/Logo_Cask_Passion_final_ZW-300x212.png\" class=\"attachment-medium size-medium wp-image-1752 has-transparency lazyload\" alt=\"\" data-srcset=\"https:\/\/cask-passion.com\/wp-content\/uploads\/2024\/03\/Logo_Cask_Passion_final_ZW-300x212.png 300w, https:\/\/cask-passion.com\/wp-content\/uploads\/2024\/03\/Logo_Cask_Passion_final_ZW-600x424.webp 600w, https:\/\/cask-passion.com\/wp-content\/uploads\/2024\/03\/Logo_Cask_Passion_final_ZW-1024x724.png 1024w, https:\/\/cask-passion.com\/wp-content\/uploads\/2024\/03\/Logo_Cask_Passion_final_ZW-768x543.png 768w, https:\/\/cask-passion.com\/wp-content\/uploads\/2024\/03\/Logo_Cask_Passion_final_ZW-1536x1086.png 1536w, https:\/\/cask-passion.com\/wp-content\/uploads\/2024\/03\/Logo_Cask_Passion_final_ZW-2048x1448.png 2048w\" sizes=\"(max-width: 300px) 100vw, 300px\" data-has-transparency=\"true\" data-dominant-color=\"000000\" style=\"--dominant-color: #000000\" \/><noscript><img decoding=\"async\" width=\"300\" height=\"212\" src=\"https:\/\/cask-passion.com\/wp-content\/uploads\/2024\/03\/Logo_Cask_Passion_final_ZW-300x212.png\" class=\"attachment-medium size-medium wp-image-1752 has-transparency lazyload\" alt=\"\" srcset=\"https:\/\/cask-passion.com\/wp-content\/uploads\/2024\/03\/Logo_Cask_Passion_final_ZW-300x212.png 300w, https:\/\/cask-passion.com\/wp-content\/uploads\/2024\/03\/Logo_Cask_Passion_final_ZW-600x424.webp 600w, https:\/\/cask-passion.com\/wp-content\/uploads\/2024\/03\/Logo_Cask_Passion_final_ZW-1024x724.png 1024w, https:\/\/cask-passion.com\/wp-content\/uploads\/2024\/03\/Logo_Cask_Passion_final_ZW-768x543.png 768w, https:\/\/cask-passion.com\/wp-content\/uploads\/2024\/03\/Logo_Cask_Passion_final_ZW-1536x1086.png 1536w, https:\/\/cask-passion.com\/wp-content\/uploads\/2024\/03\/Logo_Cask_Passion_final_ZW-2048x1448.png 2048w\" sizes=\"(max-width: 300px) 100vw, 300px\" data-has-transparency=\"true\" data-dominant-color=\"000000\" style=\"--dominant-color: #000000\" \/><\/noscript>\t\t\t\t\t\t\t\t\t\t\t\t\t\t\t<\/div>\n\t\t\t\t<\/div>\n\t\t\t\t<div class=\"elementor-element elementor-element-6ff8ca5b elementor-widget elementor-widget-heading\" data-id=\"6ff8ca5b\" data-element_type=\"widget\" data-e-type=\"widget\" data-widget_type=\"heading.default\">\n\t\t\t\t<div class=\"elementor-widget-container\">\n\t\t\t\t\t<h2 class=\"elementor-heading-title elementor-size-default\">Upload Center<\/h2>\t\t\t\t<\/div>\n\t\t\t\t<\/div>\n\t\t\t\t\t<\/div>\n\t\t<\/div>\n\t\t\t\t\t<\/div>\n\t\t<\/section>\n\t\t\t\t<section class=\"elementor-section elementor-top-section elementor-element elementor-element-1b0ce03e elementor-section-full_width elementor-section-height-default elementor-section-height-default\" data-id=\"1b0ce03e\" data-element_type=\"section\" data-e-type=\"section\">\n\t\t\t\t\t\t<div class=\"elementor-container elementor-column-gap-default\">\n\t\t\t\t\t<div class=\"elementor-column elementor-col-100 elementor-top-column elementor-element elementor-element-58a77e33\" data-id=\"58a77e33\" data-element_type=\"column\" data-e-type=\"column\">\n\t\t\t<div class=\"elementor-widget-wrap elementor-element-populated\">\n\t\t\t\t\t\t<div class=\"elementor-element elementor-element-3081d667 elementor-widget elementor-widget-text-editor\" data-id=\"3081d667\" data-element_type=\"widget\" data-e-type=\"widget\" data-widget_type=\"text-editor.default\">\n\t\t\t\t<div class=\"elementor-widget-container\">\n\t\t\t\t\t\t\t\t\t<p>Ladet hier eure Reprof\u00e4higen Dateien f\u00fcr die Werbung auf den Bauzaun Planen hoch.<\/p>\t\t\t\t\t\t\t\t<\/div>\n\t\t\t\t<\/div>\n\t\t\t\t\t<\/div>\n\t\t<\/div>\n\t\t\t\t\t<\/div>\n\t\t<\/section>\n\t\t\t\t<section class=\"elementor-section elementor-top-section elementor-element elementor-element-19d5e25 elementor-section-boxed elementor-section-height-default elementor-section-height-default\" data-id=\"19d5e25\" data-element_type=\"section\" data-e-type=\"section\">\n\t\t\t\t\t\t<div class=\"elementor-container elementor-column-gap-default\">\n\t\t\t\t\t<div class=\"elementor-column elementor-col-100 elementor-top-column elementor-element elementor-element-02eb24a\" data-id=\"02eb24a\" data-element_type=\"column\" data-e-type=\"column\">\n\t\t\t<div class=\"elementor-widget-wrap elementor-element-populated\">\n\t\t\t\t\t\t<div class=\"elementor-element elementor-element-2a2f535 elementor-widget elementor-widget-shortcode\" data-id=\"2a2f535\" data-element_type=\"widget\" data-e-type=\"widget\" data-widget_type=\"shortcode.default\">\n\t\t\t\t<div class=\"elementor-widget-container\">\n\t\t\t\t\t\t\t<div class=\"elementor-shortcode\"><div id='wpcp-fd21467e133ddeb717662b4caf4025f0' class='wpcp-container'><div id='ShareoneDrive' class='upload  wpcp-has-scroll-to-top' data-module-id='wpcp-fd21467e133ddeb717662b4caf4025f0' style='display:none'><noscript><div class='ShareoneDrive-nojsmessage'>Pour visualiser ce contenu, vous devez activer JavaScript dans votre navigateur.<br\/><a href='http:\/\/www.enable-javascript.com\/' target='_blank'>Pour cela, suivez ces instructions<\/a>.<\/div><\/noscript><div class='wpcp-module ShareoneDrive upload jsdisabled'  id='ShareoneDrive-fd21467e133ddeb717662b4caf4025f0' data-token='fd21467e133ddeb717662b4caf4025f0' data-account-id='9302376b-2634-47d4-a037-6b00fa6511b6' data-drive-id='b!zsGnbkQ2ikaXkOvN1FOv8ByCBh4d1NlMjXKbVBxIaMyjuywfkto7TJXcMsR3xa5t' data-id='' data-org-id='' data-path='bnVsbA==' data-org-path='bnVsbA==' data-source='85bf8bff5f9fb1af4d207a4b554f5b87' data-sort='name:asc'>\r\n<div class=\"fileupload-box   auto_upload\" style=\"width:100%;max-width:100%;\" data-preprocess=\"\">\r\n    <!-- FORM ELEMENTS -->\r\n    <div id=\"fileupload-fd21467e133ddeb717662b4caf4025f0\" class=\"fileupload-form\" data-token='fd21467e133ddeb717662b4caf4025f0'>\r\n        <input type=\"hidden\" name=\"acceptfiletypes\" value=\".(.)$\">\r\n        <input type=\"hidden\" name=\"minfilesize\" value=\"0\">\r\n        <input type=\"hidden\" name=\"maxfilesize\" data-limit=\"1\" value=\"20971520\">\r\n        <input type=\"hidden\" name=\"maxnumberofuploads\" value=\"-1\">\r\n        <input type=\"hidden\" name=\"listtoken\" value=\"fd21467e133ddeb717662b4caf4025f0\">\r\n        <input type='hidden' name='fileupload-filelist_fd21467e133ddeb717662b4caf4025f0' class='fileupload-filelist' value=''>\r\n        <input type=\"hidden\" class='upload-input upload-input-files' data-upload-input-type=\"file\" data-upload-input-name=\"files[]\" data-upload-input-multiple=\"multiple\" data-upload-input-accept=\"\">\r\n                <input type=\"hidden\" class='upload-input upload-input-folder' data-upload-input-type=\"file\" data-upload-input-name=\"files[]\" data-upload-input-multiple=\"multiple\" data-upload-input-directory=\"directory\" data-upload-input-webkitdirectory=\"webkitdirectory\">\r\n            <\/div>\r\n    <!-- END FORM ELEMENTS -->\r\n\r\n    <!-- UPLOAD BOX HEADER -->\r\n    <div class=\"fileupload-header\">\r\n        <div class=\"fileupload-header-title\">\r\n            <div class=\"fileupload-empty\">\r\n                <div class=\"fileupload-header-text-title upload-add-file\">Ajouter vos fichiers<\/div>\r\n                                <div class=\"fileupload-header-text-subtitle upload-add-folder\"><a title=\"Ou s\u00e9lectionnez un dossier\">Ou s\u00e9lectionnez un dossier<\/a>\r\n                <\/div>\r\n                            <\/div>\r\n            <div class=\"fileupload-not-empty\">\r\n                <div class=\"fileupload-header-text-title fileupload-items\"><\/div>\r\n                <div class=\"fileupload-header-text-subtitle fileupload-items-size\"><\/div>\r\n            <\/div>\r\n        <\/div>\r\n        <div class=\"fileupload-header-button\">\r\n            <button class='fileupload-requirements-button button button-round-icon secondary' type=\"button\" title=\"Exigences de t\u00e9l\u00e9chargement\"><i class=\"eva eva-list eva-lg\"><\/i><\/button>\r\n            <div class='tippy-content-holder'>\r\n                <div class='tippy-content'>\r\n                    <div class=\"upload-requirements-content-subtitle\">\r\n                        <div class=\"upload-requirements-size\">Taille maximale: <em><span class='max-file-size'>20 MB<\/span><\/em><\/div>                    <\/div>\r\n                <\/div>\r\n            <\/div>\r\n        <\/div>\r\n        <div class=\"fileupload-header-button\">\r\n            <button class='fileupload-add-button button button-round-icon' type=\"button\" title=\"Ajouter vos fichiers\"><i class=\"eva eva-plus-outline eva-lg\"><\/i><\/button>\r\n            <div class='tippy-content-holder'>\r\n                <div class='tippy-content'>\r\n                    <ul>\r\n                        <li class=\"upload-add-file\">\r\n                            <a title=\"Fichiers\">\r\n                                <i class=\"eva eva-file-add-outline eva-lg\"><\/i> Fichiers                            <\/a>\r\n                        <\/li>\r\n                                                <li class=\"upload-add-folder\">\r\n                            <a title=\"Dossiers\">\r\n                                <i class=\"eva eva-folder-add-outline eva-lg\"><\/i> Dossiers                            <\/a>\r\n                        <\/li>\r\n                                            <\/ul>\r\n                <\/div>\r\n            <\/div>\r\n        <\/div>\r\n    <\/div>\r\n    <!-- END UPLOAD BOX HEADER -->\r\n\r\n    <!-- UPLOAD PROGRESS -->\r\n    <div class=\"fileupload-global-progress\">\r\n        <div class=\"fileupload-global-progress-bar\"><\/div>\r\n    <\/div>\r\n    <!-- END UPLOAD PROGRESS -->\r\n\r\n    <!-- UPLOAD BOX LIST -->\r\n    <div class=\"fileupload-list\" style=\"\">\r\n        <table role=\"table\" class=\"fileupload-table\">\r\n            <tbody class=\"fileupload-table-body\">\r\n\r\n                <!-- UPLOAD BOX TEMPLATE ROW -->\r\n                <tr class=\"fileupload-table-row fileupload-table-row-template\" role=\"row\">\r\n                    <td class=\"fileupload-table-cell\" role=\"cell\" style=\"flex: 1 1 100%;\">\r\n                        <div class=\"fileupload-table-cell-icon\"><img decoding=\"async\" class=\"lazyload\" src=\"data:image\/gif;base64,R0lGODlhAQABAIAAAAAAAP\/\/\/yH5BAEAAAAALAAAAAABAAEAAAIBRAA7\" data-src=\"\" loading=\"lazy\" \/><noscript><img decoding=\"async\" class=\"lazyload\" src=\"\" loading=\"lazy\" \/><\/noscript><\/div>\r\n                        <div class=\"fileupload-table-cell-content\">\r\n                            <div class=\"fileupload-table-cell-text fileupload-table-text-title\"><\/div>\r\n                            <div class=\"fileupload-table-cell-text fileupload-table-text-subtitle\"><\/div>\r\n                        <\/div>\r\n                    <\/td>\r\n\r\n                    <td class=\"fileupload-table-cell fileupload-table-cell-action\" role=\"cell\" style=\"flex: 1 0 auto;\">\r\n                                                <button type=\"button\" title=\"Essayez de t\u00e9l\u00e9charger \u00e0 nouveau le fichier\" class=\"upload-redo\"><i class=\"eva eva-refresh eva-lg\"><\/i><\/button>\r\n                    <\/td>\r\n\r\n                    <td class=\"fileupload-table-cell fileupload-table-cell-result\" role=\"cell\" style=\"flex: 0 0 64px;\">\r\n                        <i title=\"Supprimer de la file d\u2019attente\" aria-label=\"Supprimer de la file d\u2019attente\" class=\"upload-remove eva eva-close eva-lg\"><\/i>\r\n                        <i title=\"Abandonner le t\u00e9l\u00e9chargement\" aria-label=\"Abandonner le t\u00e9l\u00e9chargement\" class=\"upload-stop eva eva-stop-circle eva-lg\"><\/i>\r\n                        <i class=\"upload-waiting eva eva-pause-circle-outline eva-lg\"><\/i>\r\n                        <i class=\"upload-success eva eva-checkmark eva-lg\"><\/i>\r\n                        <i class=\"upload-fail eva eva-alert-triangle-outline eva-lg\"><\/i>\r\n                        <i class=\"upload-convert eva eva-settings-outline eva-lg eva-spin\"><\/i>\r\n                    <\/td>\r\n\r\n                    <td class=\"fileupload-table-cell fileupload-table-cell-progress\" role=\"cell\" style=\"flex: 0 0 80px;\">\r\n                        <div class=\"fileupload-loading-bar label-center\" data-preset=\"circle\" data-value=\"0\"><\/div>\r\n                    <\/td>\r\n\r\n\r\n                <\/tr>\r\n                <!-- UPLOAD BOX END TEMPLATE ROW -->\r\n            <\/tbody>\r\n        <\/table>\r\n    <\/div>\r\n    <!-- END UPLOAD BOX LIST -->\r\n\r\n    <!-- UPLOAD BOX FOOTER -->\r\n    <div class=\"fileupload-footer\">\r\n        <div class=\"fileupload-footer-content\">\r\n            <button class=\"fileupload-start-button button\" disabled>D\u00e9marrer le t\u00e9l\u00e9charger<\/button>\r\n        <\/div>\r\n    <\/div>\r\n    <!-- END UPLOAD BOX FOOTER -->\r\n\r\n<\/div>\r\n\r\n<!-- UPLOAD BOX DRAG & DROP -->\r\n<div class=\"fileupload-drag-drop\"><\/div>\r\n<!-- END UPLOAD DRAG & DROP -->\r\n<\/div><\/div><div class='wpcp-module-script'><script type='text\/javascript'>if (typeof(jQuery) !== 'undefined' && typeof(jQuery.cp) !== 'undefined' && typeof(jQuery.cp.ShareoneDrive) === 'function') { jQuery('#ShareoneDrive-fd21467e133ddeb717662b4caf4025f0').ShareoneDrive(ShareoneDrive_vars); };<\/script><\/div><\/div><\/div>\n\t\t\t\t\t\t<\/div>\n\t\t\t\t<\/div>\n\t\t\t\t\t<\/div>\n\t\t<\/div>\n\t\t\t\t\t<\/div>\n\t\t<\/section>\n\t\t\t\t<\/div>","protected":false},"excerpt":{"rendered":"<p>Upload Center Ladet hier eure Reprof\u00e4higen Dateien f\u00fcr die Werbung auf den Bauzaun Planen hoch.<\/p>","protected":false},"author":2,"featured_media":0,"parent":0,"menu_order":0,"comment_status":"closed","ping_status":"closed","template":"","meta":{"postBodyCss":"","postBodyMargin":[],"postBodyPadding":[],"postBodyBackground":{"backgroundType":"classic","gradient":""},"footnotes":""},"class_list":["post-1910","page","type-page","status-publish","hentry"],"_links":{"self":[{"href":"https:\/\/cask-passion.com\/fr\/wp-json\/wp\/v2\/pages\/1910","targetHints":{"allow":["GET"]}}],"collection":[{"href":"https:\/\/cask-passion.com\/fr\/wp-json\/wp\/v2\/pages"}],"about":[{"href":"https:\/\/cask-passion.com\/fr\/wp-json\/wp\/v2\/types\/page"}],"author":[{"embeddable":true,"href":"https:\/\/cask-passion.com\/fr\/wp-json\/wp\/v2\/users\/2"}],"replies":[{"embeddable":true,"href":"https:\/\/cask-passion.com\/fr\/wp-json\/wp\/v2\/comments?post=1910"}],"version-history":[{"count":0,"href":"https:\/\/cask-passion.com\/fr\/wp-json\/wp\/v2\/pages\/1910\/revisions"}],"wp:attachment":[{"href":"https:\/\/cask-passion.com\/fr\/wp-json\/wp\/v2\/media?parent=1910"}],"curies":[{"name":"wp","href":"https:\/\/api.w.org\/{rel}","templated":true}]}}